

{"id":4702,"date":"2019-07-02T15:42:34","date_gmt":"2019-07-02T15:42:34","guid":{"rendered":"http:\/\/www.urbanzona.rs\/?page_id=4702"},"modified":"2021-12-04T13:55:09","modified_gmt":"2021-12-04T13:55:09","slug":"za-prodaju","status":"publish","type":"page","link":"https:\/\/www.urbanzona.rs\/?page_id=4702","title":{"rendered":"Za prodaju"},"content":{"rendered":"\t\t<div data-elementor-type=\"wp-post\" data-elementor-id=\"4702\" class=\"elementor elementor-4702\" data-elementor-settings=\"[]\">\n\t\t\t\t\t\t<div class=\"elementor-inner\">\n\t\t\t\t\t\t\t<div class=\"elementor-section-wrap\">\n\t\t\t\t\t\t\t<section class=\"elementor-section elementor-top-section elementor-element elementor-element-3c16396 elementor-section-boxed elementor-section-height-default elementor-section-height-default\" data-id=\"3c16396\" data-element_type=\"section\">\n\t\t\t\t\t\t<div class=\"elementor-container elementor-column-gap-default\">\n\t\t\t\t\t\t\t<div class=\"elementor-row\">\n\t\t\t\t\t<div class=\"elementor-column elementor-col-100 elementor-top-column elementor-element elementor-element-0e37d6a\" data-id=\"0e37d6a\" data-element_type=\"column\">\n\t\t\t<div class=\"elementor-column-wrap elementor-element-populated\">\n\t\t\t\t\t\t\t<div class=\"elementor-widget-wrap\">\n\t\t\t\t\t\t<div class=\"elementor-element elementor-element-19603e5 elementor-widget elementor-widget-rhea-properties-widget\" data-id=\"19603e5\" data-element_type=\"widget\" data-widget_type=\"rhea-properties-widget.default\">\n\t\t\t\t<div class=\"elementor-widget-container\">\n\t\t\t\n        <section id=\"rh-19603e5\" class=\"rh_latest-properties rhea_ele_property_ajax_target rhea_latest_properties_ajax elementor_properties_grid elementor_property_card_parent rhea_has_tooltip\">\n            <div class=\"container-latest-properties\">\n                <div class=\"wrapper-section-contents\">\n                    <div class=\"home-properties-section-inner home-properties-section-inner-target\">\n\t\t\t\t\t\t                    <\/div>\n                <\/div>\n            <\/div>\n        \n            <div class=\"rhea_svg_loader\">\n\t\t        <svg xmlns=\"http:\/\/www.w3.org\/2000\/svg\" viewBox=\"0 0 32 32\" width=\"32\" height=\"32\" fill=\"#dedede\">\n  <path transform=\"translate(2)\" d=\"M0 12 V20 H4 V12z\"> \n    <animate attributeName=\"d\" values=\"M0 12 V20 H4 V12z; M0 4 V28 H4 V4z; M0 12 V20 H4 V12z; M0 12 V20 H4 V12z\" dur=\"1.2s\" repeatCount=\"indefinite\" begin=\"0\" keytimes=\"0;.2;.5;1\" keySplines=\"0.2 0.2 0.4 0.8;0.2 0.6 0.4 0.8;0.2 0.8 0.4 0.8\" calcMode=\"spline\"  \/>\n  <\/path>\n  <path transform=\"translate(8)\" d=\"M0 12 V20 H4 V12z\">\n    <animate attributeName=\"d\" values=\"M0 12 V20 H4 V12z; M0 4 V28 H4 V4z; M0 12 V20 H4 V12z; M0 12 V20 H4 V12z\" dur=\"1.2s\" repeatCount=\"indefinite\" begin=\"0.2\" keytimes=\"0;.2;.5;1\" keySplines=\"0.2 0.2 0.4 0.8;0.2 0.6 0.4 0.8;0.2 0.8 0.4 0.8\" calcMode=\"spline\"  \/>\n  <\/path>\n  <path transform=\"translate(14)\" d=\"M0 12 V20 H4 V12z\">\n    <animate attributeName=\"d\" values=\"M0 12 V20 H4 V12z; M0 4 V28 H4 V4z; M0 12 V20 H4 V12z; M0 12 V20 H4 V12z\" dur=\"1.2s\" repeatCount=\"indefinite\" begin=\"0.4\" keytimes=\"0;.2;.5;1\" keySplines=\"0.2 0.2 0.4 0.8;0.2 0.6 0.4 0.8;0.2 0.8 0.4 0.8\" calcMode=\"spline\" \/>\n  <\/path>\n  <path transform=\"translate(20)\" d=\"M0 12 V20 H4 V12z\">\n    <animate attributeName=\"d\" values=\"M0 12 V20 H4 V12z; M0 4 V28 H4 V4z; M0 12 V20 H4 V12z; M0 12 V20 H4 V12z\" dur=\"1.2s\" repeatCount=\"indefinite\" begin=\"0.6\" keytimes=\"0;.2;.5;1\" keySplines=\"0.2 0.2 0.4 0.8;0.2 0.6 0.4 0.8;0.2 0.8 0.4 0.8\" calcMode=\"spline\" \/>\n  <\/path>\n  <path transform=\"translate(26)\" d=\"M0 12 V20 H4 V12z\">\n    <animate attributeName=\"d\" values=\"M0 12 V20 H4 V12z; M0 4 V28 H4 V4z; M0 12 V20 H4 V12z; M0 12 V20 H4 V12z\" dur=\"1.2s\" repeatCount=\"indefinite\" begin=\"0.8\" keytimes=\"0;.2;.5;1\" keySplines=\"0.2 0.2 0.4 0.8;0.2 0.6 0.4 0.8;0.2 0.8 0.4 0.8\" calcMode=\"spline\" \/>\n  <\/path>\n<\/svg>\n            <\/div>\n\t        <div class='pagination rhea-pagination-clean'><\/div><script type=\"application\/javascript\">\n    \/*-----------------------------------------------------------------------------------*\/\n    \/* Home page properties pagination\n\t \/*-----------------------------------------------------------------------------------*\/\n\n    jQuery(document).ready(function () {\n\n        jQuery('.rhea_ele_property_ajax_target').each(function () {\n\n            var pageNav = jQuery(this).find('.pagination a');\n            var id = jQuery(this).attr('id');\n            var thisLoader = jQuery(this).find('.rhea_svg_loader');\n            var thisInner = jQuery(this).find('.home-properties-section-inner-target');\n            var thisContent = jQuery(this).find('.rh_properties_pagination_append');\n            pageNav.on('click', function(e){\n                e.preventDefault();\n                var thisLink = jQuery(this);\n                if (! (thisLink).hasClass('current')){\n                    var link = jQuery(this).attr('href');\n                    thisInner.fadeTo('slow', 0.5);\n\n                    thisLoader.slideDown('fast');\n                    \/\/ thisContent.fadeOut('fast', function(){\n                    thisInner.load(link + ' #' + id + ' .rh_properties_pagination_append', function(response, status, xhr) {\n                        if (status == 'success') {\n                            thisInner.fadeTo('fast', 1);\n                            pageNav.removeClass('current');\n                            thisLink.addClass('current');\n                            thisLoader.slideUp('fast');\n                        }else{\n                            thisInner.fadeTo('fast', 1);\n                            thisLoader.slideUp('fast');\n                        }\n                    });\n                }\n                \/\/ });\n            });\n        });\n    });\n<\/script>\n        <\/section>\n\n\n\t\t\t\t<\/div>\n\t\t\t\t<\/div>\n\t\t\t\t\t\t<\/div>\n\t\t\t\t\t<\/div>\n\t\t<\/div>\n\t\t\t\t\t\t\t\t<\/div>\n\t\t\t\t\t<\/div>\n\t\t<\/section>\n\t\t\t\t\t\t<\/div>\n\t\t\t\t\t\t<\/div>\n\t\t\t\t\t<\/div>\n\t\t","protected":false},"excerpt":{"rendered":"<p>Featured Detaljnije Ku\u0107a sa oku\u0107nicom I vo\u0107njakom u Putincima (op\u0161tina Ruma) Putinci su autenti\u010dno sremsko selo, \u017eivo, sa pozitivnim demografskim trendom,\u2026 Povr\u0161ina 221 m2 Izdavanje, Prodaja 62,000\u20ac Featured Detaljnije ZVEZDARA, Bul. kralja Aleksandra LOKAL Na prometnoj lokaciji u Bulevaru u blizini Ustani\u010dke, u novom,\u2026 Povr\u0161ina 43 m2 Prodaja 54,000\u20ac Featured Detaljnije Ljubi\u0161e Miodragovi\u0107a, ku\u0107a Kuca&#8230;<\/p>\n","protected":false},"author":1,"featured_media":0,"parent":0,"menu_order":0,"comment_status":"closed","ping_status":"closed","template":"templates\/list-layout.php","meta":[],"_links":{"self":[{"href":"https:\/\/www.urbanzona.rs\/index.php?rest_route=\/wp\/v2\/pages\/4702"}],"collection":[{"href":"https:\/\/www.urbanzona.rs\/index.php?rest_route=\/wp\/v2\/pages"}],"about":[{"href":"https:\/\/www.urbanzona.rs\/index.php?rest_route=\/wp\/v2\/types\/page"}],"author":[{"embeddable":true,"href":"https:\/\/www.urbanzona.rs\/index.php?rest_route=\/wp\/v2\/users\/1"}],"replies":[{"embeddable":true,"href":"https:\/\/www.urbanzona.rs\/index.php?rest_route=%2Fwp%2Fv2%2Fcomments&post=4702"}],"version-history":[{"count":7,"href":"https:\/\/www.urbanzona.rs\/index.php?rest_route=\/wp\/v2\/pages\/4702\/revisions"}],"predecessor-version":[{"id":57118,"href":"https:\/\/www.urbanzona.rs\/index.php?rest_route=\/wp\/v2\/pages\/4702\/revisions\/57118"}],"wp:attachment":[{"href":"https:\/\/www.urbanzona.rs\/index.php?rest_route=%2Fwp%2Fv2%2Fmedia&parent=4702"}],"curies":[{"name":"wp","href":"https:\/\/api.w.org\/{rel}","templated":true}]}}